{"id":3063,"date":"2026-03-26T11:24:37","date_gmt":"2026-03-26T10:24:37","guid":{"rendered":"https:\/\/www.gutizicatering.com\/?page_id=3063"},"modified":"2026-03-26T11:24:37","modified_gmt":"2026-03-26T10:24:37","slug":"festak-2","status":"publish","type":"page","link":"https:\/\/www.gutizicatering.com\/eu\/festak-2\/","title":{"rendered":"Festak"},"content":{"rendered":"<section class=\"wpb-content-wrapper\"><p>[vc_row content_placement=&#8221;middle&#8221; row_content_width=&#8221;grid&#8221; content_text_alignment=&#8221;center&#8221; css=&#8221;.vc_custom_1707319927147{background-image: url(https:\/\/www.gutizicatering.com\/wp-content\/uploads\/2024\/01\/fiestas-1-1.png?id=2238) !important;background-position: center !important;background-repeat: no-repeat !important;background-size: cover !important;}&#8221; el_class=&#8221;qodef-margin-grid&#8221;][vc_column css=&#8221;.vc_custom_1575457989649{padding-top: 159px !important;padding-bottom: 186px !important;}&#8221; column_responsive_padding_1024=&#8221;113px 15px 133px&#8221; column_responsive_padding_768=&#8221;114px 15px 134px&#8221; column_responsive_padding_680=&#8221;72px 15px 87px&#8221; column_responsive_padding_1440=&#8221;129px 15px 156px&#8221; column_responsive_padding_1280=&#8221;99px 15px 128px&#8221;]<h1 class=\"qodef-shortcode qodef-m  qodef-custom-font qodef-custom-font-4464 qodef-layout--simple\" style=\"color: #ffffff;font-size: 110px;line-height: 120px\">Festak<\/h1>[\/vc_column][\/vc_row][vc_row content_placement=&#8221;middle&#8221; row_content_width=&#8221;grid&#8221; css=&#8221;.vc_custom_1705421100685{margin-bottom: 90px !important;padding-top: 90px !important;}&#8221;][vc_column css=&#8221;.vc_custom_1577106755583{padding-top: 36px !important;padding-right: 123px !important;}&#8221; column_responsive_padding_1440=&#8221;32px 56px 0px 15px&#8221; column_responsive_padding_1366=&#8221;32px 73px 0px 15px&#8221; offset=&#8221;vc_col-lg-6 vc_col-md-12&#8243; column_responsive_padding_1024=&#8221;32px 73px 45px 15px&#8221; column_responsive_padding_680=&#8221;0px 15px 44px&#8221;]<div class=\"qodef-shortcode qodef-m  qodef-section-title qodef-alignment--left \">\n\t\t<p class=\"qodef-m-subtitle\" >Comidas populares<\/p>\n\t\t<h3 class=\"qodef-m-title\" >\n\t\t\t\t\tDespreoc\u00fapate y Disfruta de la Fiesta\t\t\t<\/h3>\n\t<\/div>[vc_column_text]<\/p>\n<div>\n<div>\n<div>\n<p>Disfruta de estos d\u00edas tan especiales, ya que el equipo de Gutizi se encargara de todo. Contamos con servicio de transporte, montaje, desmontaje&#8230; y mucho m\u00e1s.<\/p>\n<\/div>\n<div>\n<p>Dise\u00f1amos men\u00fas especiales para que puedas disfrutar de la fiesta al completo y despreocuparte de la comida. Adem\u00e1s de la comida, en Gutizi ofrecemos diferentes opciones en cuanto a bebida, servicio de camareros, mobiliario y menaje. De esta manera, todo se podr\u00e1 adaptar al presupuesto y necesidades de cada cliente.<\/p>\n<\/div>\n<\/div>\n<\/div>\n<p>[\/vc_column_text][\/vc_column][vc_column css=&#8221;.vc_custom_1575381258216{padding-right: 0px !important;}&#8221; offset=&#8221;vc_col-lg-6 vc_col-md-12&#8243; column_responsive_padding_1440=&#8221;0px 15px 0px&#8221;]<div class=\"qodef-shortcode qodef-m  qodef-stacked-images qodef-layout--default qodef-stack--left\">\n\t<div class=\"qodef-m-images\">\n\t\t<div class=\"qodef-e-main-image-holder\">\n\t\t\t<div class=\"qodef-e-main-image-zoom-holder\">\n\t\t\t\t\t\t\t<img loading=\"lazy\" decoding=\"async\" width=\"1000\" height=\"1360\" src=\"https:\/\/www.gutizicatering.com\/wp-content\/uploads\/2024\/01\/fiestas-1.png\" class=\"qodef-e-main-image\" alt=\"\" srcset=\"https:\/\/www.gutizicatering.com\/wp-content\/uploads\/2024\/01\/fiestas-1.png 1000w, https:\/\/www.gutizicatering.com\/wp-content\/uploads\/2024\/01\/fiestas-1-221x300.png 221w, https:\/\/www.gutizicatering.com\/wp-content\/uploads\/2024\/01\/fiestas-1-753x1024.png 753w, https:\/\/www.gutizicatering.com\/wp-content\/uploads\/2024\/01\/fiestas-1-768x1044.png 768w\" sizes=\"auto, (max-width: 1000px) 100vw, 1000px\" \/>\t\t\t\t\t\t<\/div>\n\t\t<\/div>\n\t\t\t\t\t<img loading=\"lazy\" decoding=\"async\" width=\"413\" height=\"263\" src=\"https:\/\/www.gutizicatering.com\/wp-content\/uploads\/2024\/01\/fiestas-2.png\" class=\"qodef-e-stack-image\" alt=\"\" srcset=\"https:\/\/www.gutizicatering.com\/wp-content\/uploads\/2024\/01\/fiestas-2.png 413w, https:\/\/www.gutizicatering.com\/wp-content\/uploads\/2024\/01\/fiestas-2-300x191.png 300w\" sizes=\"auto, (max-width: 413px) 100vw, 413px\" \/>\t\t\t\n\t<\/div>\n<\/div>[\/vc_column][\/vc_row][vc_row content_placement=&#8221;top&#8221; row_content_width=&#8221;grid&#8221; content_text_alignment=&#8221;left&#8221; css=&#8221;.vc_custom_1703232750957{padding-top: 0px !important;padding-bottom: 106px !important;}&#8221;][vc_column width=&#8221;1\/4&#8243;][vc_single_image image=&#8221;2217&#8243; alignment=&#8221;center&#8221;]<div class=\"qodef-shortcode qodef-m  qodef-section-title qodef-alignment--center \">\n\t\t\t<h4 class=\"qodef-m-title\" style=\"color: #2a5359\">\n\t\t\t\t\tMen\u00fa\t\t\t<\/h4>\n\t\t<p class=\"qodef-m-text\" >Elige entre nuestros men\u00fas cerrados o cierra el tuyo al gusto.<\/p>\n<\/div>[\/vc_column][vc_column width=&#8221;1\/4&#8243;][vc_single_image image=&#8221;2206&#8243; alignment=&#8221;center&#8221;]<div class=\"qodef-shortcode qodef-m  qodef-section-title qodef-alignment--center \">\n\t\t\t<h4 class=\"qodef-m-title\" style=\"color: #2a5359\">\n\t\t\t\t\tBebidas\t\t\t<\/h4>\n\t\t<p class=\"qodef-m-text\" >Ofrecemos la opci\u00f3n de gestionar la bebida de la comida junto al men\u00fa.<\/p>\n<\/div>[\/vc_column][vc_column width=&#8221;1\/4&#8243;][vc_single_image image=&#8221;2216&#8243; alignment=&#8221;center&#8221;]<div class=\"qodef-shortcode qodef-m  qodef-section-title qodef-alignment--center \">\n\t\t\t<h4 class=\"qodef-m-title\" style=\"color: #2a5359\">\n\t\t\t\t\tCamareros\t\t\t<\/h4>\n\t\t<p class=\"qodef-m-text\" >Contrata el servicio de camareros que gestionar\u00e1n vuestra comida de una manera profesional.<\/p>\n<\/div>[\/vc_column][vc_column width=&#8221;1\/4&#8243;][vc_single_image image=&#8221;2218&#8243; alignment=&#8221;center&#8221;]<div class=\"qodef-shortcode qodef-m  qodef-section-title qodef-alignment--center \">\n\t\t\t<h4 class=\"qodef-m-title\" style=\"color: #2a5359\">\n\t\t\t\t\tMobiliario y Menaje\t\t\t<\/h4>\n\t\t<p class=\"qodef-m-text\" >Olv\u00eddate de vajilla, mesas... Nosotros nos encargaremos de organizar todas las mesas.<\/p>\n<\/div>[\/vc_column][\/vc_row][vc_row content_text_alignment=&#8221;center&#8221; css=&#8221;.vc_custom_1707322736161{margin-top: 106px !important;padding-top: 106px !important;padding-bottom: 106px !important;background-image: url(https:\/\/www.gutizicatering.com\/wp-content\/uploads\/2024\/01\/fiestas-3-1.png?id=2227) !important;background-position: center !important;background-repeat: no-repeat !important;background-size: cover !important;}&#8221;][vc_column]<h2 class=\"qodef-shortcode qodef-m  qodef-custom-font qodef-custom-font-4614 qodef-layout--simple\" style=\"color: #ffffff\">Elige un Men\u00fa para tu Comida<\/h2>[vc_column_text]<\/p>\n<p style=\"text-align: center; color: white;\">Elige entre nuestros men\u00fas o personal\u00edzalos a tu gusto. Tambi\u00e9n puedes comentarnos cualquier sugerencia y nos adaptaremos a vuestras necesidades.<\/p>\n<p>[\/vc_column_text]<a class=\"qodef-shortcode qodef-m  qodef-button qodef-layout--filled  qodef-html--link\" href=\"https:\/\/www.gutizicatering.com\/contacto\/\" target=\"_self\"  style=\"margin: 0px 10px 0px 0px\">\n\t<span class=\"qodef-m-text\">Contactar<\/span>\n<\/a><a class=\"qodef-shortcode qodef-m  qodef-button qodef-layout--outlined  qodef-html--link\" href=\"https:\/\/www.gutizicatering.com\/wp-content\/uploads\/2026\/03\/DOSSIER-COMIDA-POPULAR-2026.pdf\" target=\"_blank\" data-hover-background-color=\"#3e3930\" data-hover-border-color=\"#3e3930\" style=\"color: #ffffff;border-color: #ffffff;margin: 0px 0px 0px 10px\">\n\t<span class=\"qodef-m-text\">Ver Cat\u00e1logo<\/span>\n<\/a>[\/vc_column][\/vc_row]<\/p>\n<\/section>","protected":false},"excerpt":{"rendered":"<p>[vc_row content_placement=&#8221;middle&#8221; row_content_width=&#8221;grid&#8221; content_text_alignment=&#8221;center&#8221; css=&#8221;.vc_custom_1707319927147{background-image: url(https:\/\/www.gutizicatering.com\/wp-content\/uploads\/2024\/01\/fiestas-1-1.png?id=2238) !important;background-position: center !important;background-repeat: no-repeat !important;background-size: cover !important;}&#8221; el_class=&#8221;qodef-margin-grid&#8221;][vc_column css=&#8221;.vc_custom_1575457989649{padding-top: 159px !important;padding-bottom: 186px !important;}&#8221; column_responsive_padding_1024=&#8221;113px 15px 133px&#8221; column_responsive_padding_768=&#8221;114px 15px 134px&#8221; column_responsive_padding_680=&#8221;72px 15px 87px&#8221; column_responsive_padding_1440=&#8221;129px 15px 156px&#8221; column_responsive_padding_1280=&#8221;99px 15px 128px&#8221;][\/vc_column][\/vc_row][vc_row content_placement=&#8221;middle&#8221; row_content_width=&#8221;grid&#8221; css=&#8221;.vc_custom_1705421100685{margin-bottom: 90px !important;padding-top: 90px !important;}&#8221;][vc_column css=&#8221;.vc_custom_1577106755583{padding-top: 36px !important;padding-right: 123px !important;}&#8221; column_responsive_padding_1440=&#8221;32px 56px 0px 15px&#8221; column_responsive_padding_1366=&#8221;32px 73px 0px 15px&#8221; offset=&#8221;vc_col-lg-6 [&hellip;]<\/p>\n","protected":false},"author":2,"featured_media":0,"parent":0,"menu_order":0,"comment_status":"closed","ping_status":"closed","template":"page-full-width.php","meta":{"footnotes":""},"class_list":["post-3063","page","type-page","status-publish","hentry"],"_links":{"self":[{"href":"https:\/\/www.gutizicatering.com\/eu\/wp-json\/wp\/v2\/pages\/3063","targetHints":{"allow":["GET"]}}],"collection":[{"href":"https:\/\/www.gutizicatering.com\/eu\/wp-json\/wp\/v2\/pages"}],"about":[{"href":"https:\/\/www.gutizicatering.com\/eu\/wp-json\/wp\/v2\/types\/page"}],"author":[{"embeddable":true,"href":"https:\/\/www.gutizicatering.com\/eu\/wp-json\/wp\/v2\/users\/2"}],"replies":[{"embeddable":true,"href":"https:\/\/www.gutizicatering.com\/eu\/wp-json\/wp\/v2\/comments?post=3063"}],"version-history":[{"count":2,"href":"https:\/\/www.gutizicatering.com\/eu\/wp-json\/wp\/v2\/pages\/3063\/revisions"}],"predecessor-version":[{"id":3065,"href":"https:\/\/www.gutizicatering.com\/eu\/wp-json\/wp\/v2\/pages\/3063\/revisions\/3065"}],"wp:attachment":[{"href":"https:\/\/www.gutizicatering.com\/eu\/wp-json\/wp\/v2\/media?parent=3063"}],"curies":[{"name":"wp","href":"https:\/\/api.w.org\/{rel}","templated":true}]}}