{"id":2876,"date":"2024-04-03T15:31:52","date_gmt":"2024-04-03T13:31:52","guid":{"rendered":"https:\/\/www.gutizicatering.com\/irisgarritasuna\/"},"modified":"2024-04-04T15:10:34","modified_gmt":"2024-04-04T13:10:34","slug":"irisgarritasuna","status":"publish","type":"page","link":"https:\/\/www.gutizicatering.com\/eu\/irisgarritasuna\/","title":{"rendered":"Irisgarritasuna"},"content":{"rendered":"<section class=\"wpb-content-wrapper\"><p>[vc_row][vc_column][vc_column_text]<\/p>\n<div data-id=\"e56170c\" data-element_type=\"widget\" data-widget_type=\"text-editor.default\">\n<div>\n<h1>Irisgarritasuna<\/h1>\n<h2>Declaraci\u00f3n de Accesibilidad<\/h2>\n<p>HOSTENUEVEVI, S.L. se ha comprometido a hacer accesible su sitio web, de conformidad con el <a href=\"https:\/\/www.boe.es\/buscar\/act.php?id=BOE-A-2018-12699\" target=\"_blank\" rel=\"noopener\">Real Decreto 1112\/2018, de 7 de septiembre, sobre accesibilidad de los sitios web y aplicaciones para dispositivos m\u00f3viles del sector p\u00fablico<\/a>.<\/p>\n<p>La presente declaraci\u00f3n de accesibilidad se aplica al sitio web https:\/\/www.gutizicatering.com<\/p>\n<h2>Situaci\u00f3n de Cumplimiento<\/h2>\n<p>Este sitio web es plenamente conforme con el <a href=\"https:\/\/www.boe.es\/buscar\/act.php?id=BOE-A-2018-12699\" target=\"_blank\" rel=\"noopener\">Real Decreto 1112\/2018, de 7 de septiembre, sobre accesibilidad de los sitios web y aplicaciones para dispositivos m\u00f3viles del sector p\u00fablico<\/a>.<\/p>\n<h2>Procedimiento de Aplicaci\u00f3n<\/h2>\n<p>El procedimiento de reclamaci\u00f3n recogido en el <a href=\"https:\/\/www.boe.es\/diario_boe\/txt.php?id=BOE-A-2018-12699\" target=\"_blank\" rel=\"noopener\">art\u00edculo 13 del Real Decreto 1112\/2018<\/a>.<\/p>\n<h2>Preparaci\u00f3n de la Presente Declaraci\u00f3n de Accesibilidad<\/h2>\n<p>La presente declaraci\u00f3n fue preparada el 02 de mayo de 2018.<\/p>\n<p>El m\u00e9todo empleado para preparar la declaraci\u00f3n ha sido una autoevaluaci\u00f3n llevada a cabo por el propio organismo.<\/p>\n<p>\u00daltima revisi\u00f3n de la declaraci\u00f3n: 02 de mayo de 2018<\/p>\n<\/div>\n<\/div>\n<p>[\/vc_column_text][\/vc_column][\/vc_row]<\/p>\n<\/section>","protected":false},"excerpt":{"rendered":"<p>[vc_row][vc_column][vc_column_text] Irisgarritasuna Declaraci\u00f3n de Accesibilidad HOSTENUEVEVI, S.L. se ha comprometido a hacer accesible su sitio web, de conformidad con el Real Decreto 1112\/2018, de 7 de septiembre, sobre accesibilidad de los sitios web y aplicaciones para dispositivos m\u00f3viles del sector p\u00fablico. La presente declaraci\u00f3n de accesibilidad se aplica al sitio web https:\/\/www.gutizicatering.com Situaci\u00f3n de Cumplimiento [&hellip;]<\/p>\n","protected":false},"author":1,"featured_media":0,"parent":0,"menu_order":0,"comment_status":"closed","ping_status":"closed","template":"","meta":{"footnotes":""},"class_list":["post-2876","page","type-page","status-publish","hentry"],"_links":{"self":[{"href":"https:\/\/www.gutizicatering.com\/eu\/wp-json\/wp\/v2\/pages\/2876","targetHints":{"allow":["GET"]}}],"collection":[{"href":"https:\/\/www.gutizicatering.com\/eu\/wp-json\/wp\/v2\/pages"}],"about":[{"href":"https:\/\/www.gutizicatering.com\/eu\/wp-json\/wp\/v2\/types\/page"}],"author":[{"embeddable":true,"href":"https:\/\/www.gutizicatering.com\/eu\/wp-json\/wp\/v2\/users\/1"}],"replies":[{"embeddable":true,"href":"https:\/\/www.gutizicatering.com\/eu\/wp-json\/wp\/v2\/comments?post=2876"}],"version-history":[{"count":1,"href":"https:\/\/www.gutizicatering.com\/eu\/wp-json\/wp\/v2\/pages\/2876\/revisions"}],"predecessor-version":[{"id":2877,"href":"https:\/\/www.gutizicatering.com\/eu\/wp-json\/wp\/v2\/pages\/2876\/revisions\/2877"}],"wp:attachment":[{"href":"https:\/\/www.gutizicatering.com\/eu\/wp-json\/wp\/v2\/media?parent=2876"}],"curies":[{"name":"wp","href":"https:\/\/api.w.org\/{rel}","templated":true}]}}