{"id":2863,"date":"2023-11-18T14:54:29","date_gmt":"2023-11-18T13:54:29","guid":{"rendered":"https:\/\/www.gutizicatering.com\/ezkontzak\/"},"modified":"2024-04-04T12:20:56","modified_gmt":"2024-04-04T10:20:56","slug":"ezkontzak","status":"publish","type":"page","link":"https:\/\/www.gutizicatering.com\/eu\/ezkontzak\/","title":{"rendered":"Ezkontzak"},"content":{"rendered":"<section class=\"wpb-content-wrapper\"><p>[vc_row content_placement=&#8221;middle&#8221; row_content_width=&#8221;grid&#8221; content_text_alignment=&#8221;center&#8221; css=&#8221;.vc_custom_1705572667110{background-image: url(https:\/\/banquet.qodeinteractive.com\/wp-content\/uploads\/2019\/11\/p7-img-1.jpg?id=670) !important;background-position: center !important;background-repeat: no-repeat !important;background-size: cover !important;}&#8221; el_class=&#8221;qodef-margin-grid&#8221;][vc_column css=&#8221;.vc_custom_1575457989649{padding-top: 159px !important;padding-bottom: 186px !important;}&#8221; column_responsive_padding_1024=&#8221;113px 15px 133px&#8221; column_responsive_padding_768=&#8221;114px 15px 134px&#8221; column_responsive_padding_680=&#8221;72px 15px 87px&#8221; column_responsive_padding_1440=&#8221;129px 15px 156px&#8221; column_responsive_padding_1280=&#8221;99px 15px 128px&#8221;]<h1 class=\"qodef-shortcode qodef-m  qodef-custom-font qodef-custom-font-5911 qodef-layout--simple\" style=\"color: #ffffff;font-size: 110px;line-height: 120px\">Ezkontzak<\/h1>[\/vc_column][\/vc_row][vc_row content_placement=&#8221;middle&#8221; row_content_width=&#8221;grid&#8221; css=&#8221;.vc_custom_1574089581049{padding-top: 90px !important;}&#8221;][vc_column css=&#8221;.vc_custom_1577106755583{padding-top: 36px !important;padding-right: 123px !important;}&#8221; column_responsive_padding_1440=&#8221;32px 56px 0px 15px&#8221; column_responsive_padding_1366=&#8221;32px 73px 0px 15px&#8221; offset=&#8221;vc_col-lg-6 vc_col-md-12&#8243; column_responsive_padding_1024=&#8221;32px 73px 45px 15px&#8221; column_responsive_padding_680=&#8221;0px 15px 44px&#8221;]<div class=\"qodef-shortcode qodef-m  qodef-section-title qodef-alignment--left \">\n\t\t<p class=\"qodef-m-subtitle\" >experiencia para acompa\u00f1aros<\/p>\n\t\t<h3 class=\"qodef-m-title\" >\n\t\t\t\t\tServicio de Calidad para tu Boda\t\t\t<\/h3>\n\t<\/div>[vc_column_text]Badakigu garrantzitsua dela zure ezkontza eguna; horregatik, zuen eskura jartzen dugu dena kategoriazko catering bat kudeatzeko.<\/p>\n<p>Bikote eta ezkontza bakoitza desberdinak dira; horregatik, gure profesional-taldea bakoitzaren beharretara egokitzen da. Gutizin oroitzapenerako egun bat biziarazteaz eta anfitrioia bere egunaz gozatzeaz besterik kezkatu dadin arduratzen gara.[\/vc_column_text][\/vc_column][vc_column css=&#8221;.vc_custom_1575381258216{padding-right: 0px !important;}&#8221; offset=&#8221;vc_col-lg-6 vc_col-md-12&#8243; column_responsive_padding_1440=&#8221;0px 15px 0px&#8221;]<div class=\"qodef-shortcode qodef-m  qodef-stacked-images qodef-layout--default qodef-stack--left\">\n\t<div class=\"qodef-m-images\">\n\t\t<div class=\"qodef-e-main-image-holder\">\n\t\t\t<div class=\"qodef-e-main-image-zoom-holder\">\n\t\t\t\t\t\t\t<img loading=\"lazy\" decoding=\"async\" width=\"1000\" height=\"1360\" src=\"https:\/\/www.gutizicatering.com\/wp-content\/uploads\/2024\/01\/bodas-1.png\" class=\"qodef-e-main-image\" alt=\"\" srcset=\"https:\/\/www.gutizicatering.com\/wp-content\/uploads\/2024\/01\/bodas-1.png 1000w, https:\/\/www.gutizicatering.com\/wp-content\/uploads\/2024\/01\/bodas-1-221x300.png 221w, https:\/\/www.gutizicatering.com\/wp-content\/uploads\/2024\/01\/bodas-1-753x1024.png 753w, https:\/\/www.gutizicatering.com\/wp-content\/uploads\/2024\/01\/bodas-1-768x1044.png 768w\" sizes=\"auto, (max-width: 1000px) 100vw, 1000px\" \/>\t\t\t\t\t\t<\/div>\n\t\t<\/div>\n\t\t\t\t\t<img loading=\"lazy\" decoding=\"async\" width=\"413\" height=\"263\" src=\"https:\/\/www.gutizicatering.com\/wp-content\/uploads\/2024\/01\/bodas-2.png\" class=\"qodef-e-stack-image\" alt=\"\" srcset=\"https:\/\/www.gutizicatering.com\/wp-content\/uploads\/2024\/01\/bodas-2.png 413w, https:\/\/www.gutizicatering.com\/wp-content\/uploads\/2024\/01\/bodas-2-300x191.png 300w\" sizes=\"auto, (max-width: 413px) 100vw, 413px\" \/>\t\t\t\n\t<\/div>\n<\/div>[\/vc_column][\/vc_row][vc_row][vc_column][vc_empty_space height=&#8221;76px&#8221;]<div class=\"qodef-shortcode qodef-m  qodef-section-title qodef-alignment--center \">\n\t\t<p class=\"qodef-m-subtitle\" >\u00bfNo sabes donde realizar la celebraci\u00f3n?<\/p>\n\t\t<h3 class=\"qodef-m-title\" >\n\t\t\t\t\tEzagutu Gure Proposamenak\t\t\t<\/h3>\n\t<\/div>[vc_empty_space][\/vc_column][\/vc_row][vc_row content_placement=&#8221;top&#8221; row_content_width=&#8221;grid&#8221; content_text_alignment=&#8221;left&#8221; css=&#8221;.vc_custom_1703232750957{padding-top: 0px !important;padding-bottom: 106px !important;}&#8221;][vc_column width=&#8221;1\/3&#8243;][vc_single_image image=&#8221;2456&#8243; img_size=&#8221;full&#8221; alignment=&#8221;center&#8221;]<div class=\"qodef-shortcode qodef-m  qodef-section-title qodef-alignment--center \">\n\t\t\t<h4 class=\"qodef-m-title\" style=\"color: #2a5359\">\n\t\t\t\t\tPalacio Miramar\t\t\t<\/h4>\n\t\t<p class=\"qodef-m-text\" >Situado en San Sebasti\u00e1n, es el escenario perfecto para una celebraci\u00f3n \u00fanica. Rodeado de amplios jardines y con vistas al mar, es un entorno inigualable que sorprender\u00e1 a tus invitados. <\/p>\n<\/div>[\/vc_column][vc_column width=&#8221;1\/3&#8243;][vc_single_image image=&#8221;2459&#8243; img_size=&#8221;full&#8221; alignment=&#8221;center&#8221;]<div class=\"qodef-shortcode qodef-m  qodef-section-title qodef-alignment--center \">\n\t\t\t<h4 class=\"qodef-m-title\" style=\"color: #2a5359\">\n\t\t\t\t\tFagoaga Dorretxea\t\t\t<\/h4>\n\t\t<p class=\"qodef-m-text\" >Esta espectacular torre, de m\u00e1s de 500 a\u00f1os y cargada de historia esta en una ubicaci\u00f3n inmejorable ya que cuenta con un espacio \u00fanico e inigualable donde sorprender\u00e1s a todos tus invitados en ese d\u00eda tan especial.<\/p>\n<\/div>[\/vc_column][vc_column width=&#8221;1\/3&#8243;][vc_single_image image=&#8221;2458&#8243; img_size=&#8221;full&#8221; alignment=&#8221;center&#8221;]<div class=\"qodef-shortcode qodef-m  qodef-section-title qodef-alignment--center \">\n\t\t\t<h4 class=\"qodef-m-title\" style=\"color: #2a5359\">\n\t\t\t\t\tAquarium Donostia\t\t\t<\/h4>\n\t\t<p class=\"qodef-m-text\" >Ubicado al final del Paseo Nuevo de San Sebasti\u00e1n, est\u00e1 situado entre la plataforma del Aquarium y el monte Urgull. Tiene unas vistas 360\u00ba del muelle, la bah\u00eda, la isla de Santa Clara y el cabo Machichaco. <\/p>\n<\/div>[\/vc_column][\/vc_row][vc_row row_content_width=&#8221;grid&#8221; css=&#8221;.vc_custom_1709294534848{padding-top: 40px !important;padding-bottom: 88px !important;}&#8221;][vc_column]<div class=\"qodef-shortcode qodef-m  qodef-section-title qodef-alignment--center \">\n\t\t<p class=\"qodef-m-subtitle\" >\u00bfNecesitas m\u00e1s informaci\u00f3n?<\/p>\n\t\t<h2 class=\"qodef-m-title\" >\n\t\t\t\t\tCons\u00faltanos Cualquier Duda o Propuesta\t\t\t<\/h2>\n\t<\/div>[vc_empty_space height=&#8221;48px&#8221;]\n<div class=\"wpcf7 no-js\" id=\"wpcf7-f2890-o1\" lang=\"eu-ES\" dir=\"ltr\">\n<div class=\"screen-reader-response\"><p role=\"status\" aria-live=\"polite\" aria-atomic=\"true\"><\/p> <ul><\/ul><\/div>\n<form action=\"\/eu\/wp-json\/wp\/v2\/pages\/2863#wpcf7-f2890-o1\" method=\"post\" class=\"wpcf7-form init\" aria-label=\"Contact form\" novalidate=\"novalidate\" data-status=\"init\">\n<div style=\"display: none;\">\n<input type=\"hidden\" name=\"_wpcf7\" value=\"2890\" \/>\n<input type=\"hidden\" name=\"_wpcf7_version\" value=\"5.9.3\" \/>\n<input type=\"hidden\" name=\"_wpcf7_locale\" value=\"eu_ES\" \/>\n<input type=\"hidden\" name=\"_wpcf7_unit_tag\" value=\"wpcf7-f2890-o1\" \/>\n<input type=\"hidden\" name=\"_wpcf7_container_post\" value=\"0\" \/>\n<input type=\"hidden\" name=\"_wpcf7_posted_data_hash\" value=\"\" \/>\n<input type=\"hidden\" name=\"_wpcf7_recaptcha_response\" value=\"\" \/>\n<\/div>\n<div class=\"qodef-grid qodef-layout--template\">\n<div class=\"qodef-grid-inner\">\n<div class=\"qodef-grid-item qodef-col--6\">\n <span class=\"wpcf7-form-control-wrap\" data-name=\"your-name\"><input size=\"40\" class=\"wpcf7-form-control wpcf7-text wpcf7-validates-as-required\" aria-required=\"true\" aria-invalid=\"false\" placeholder=\"Izen Abizenak\" value=\"\" type=\"text\" name=\"your-name\" \/><\/span>\n<\/div>\n<div class=\"qodef-grid-item qodef-col--6\">\n <span class=\"wpcf7-form-control-wrap\" data-name=\"your-email\"><input size=\"40\" class=\"wpcf7-form-control wpcf7-email wpcf7-validates-as-required wpcf7-text wpcf7-validates-as-email\" aria-required=\"true\" aria-invalid=\"false\" placeholder=\"Emaila\" value=\"\" type=\"email\" name=\"your-email\" \/><\/span>\n<\/div>\n<div class=\"qodef-grid-item qodef-col--6\">\n <span class=\"wpcf7-form-control-wrap\" data-name=\"telefono\"><input class=\"wpcf7-form-control wpcf7-number wpcf7-validates-as-number\" aria-invalid=\"false\" placeholder=\"Telefonoa\" value=\"\" type=\"number\" name=\"telefono\" \/><\/span>\n<\/div>\n<div class=\"qodef-grid-item qodef-col--6\">\n <span class=\"wpcf7-form-control-wrap\" data-name=\"evento\"><select class=\"wpcf7-form-control wpcf7-select wpcf7-validates-as-required\" aria-required=\"true\" aria-invalid=\"false\" name=\"evento\"><option value=\"Enpresa edo Erakundea\">Enpresa edo Erakundea<\/option><option value=\"Festa\/Herri Bazkaria\">Festa\/Herri Bazkaria<\/option><option value=\"Kirol Ekitaldia\">Kirol Ekitaldia<\/option><option value=\"Ezkontza\">Ezkontza<\/option><option value=\"Beste bat\">Beste bat<\/option><\/select><\/span>\n<\/div>\n<div class=\"qodef-grid-item qodef-col--12\">\n <span class=\"wpcf7-form-control-wrap\" data-name=\"your-message\"><textarea cols=\"40\" rows=\"10\" class=\"wpcf7-form-control wpcf7-textarea\" aria-invalid=\"false\" placeholder=\"Mezua\" name=\"your-message\"><\/textarea><\/span>\n<\/div>\n<div class=\"qodef-grid-item qodef-col--12\">\n<span class=\"wpcf7-form-control-wrap\" data-name=\"acceptance-321\"><span class=\"wpcf7-form-control wpcf7-acceptance\"><span class=\"wpcf7-list-item\"><label><input type=\"checkbox\" name=\"acceptance-321\" value=\"1\" aria-invalid=\"false\" \/><span class=\"wpcf7-list-item-label\"><a href=\"https:\/\/www.gutizicatering.com\/eu\/pribatutasun-politika\/\" target=\"_blank\">Pribatutasun politika<\/a> irakurri eta onartzen dut<\/span><\/label><\/span><\/span><\/span>\n<\/div>\n<div class=\"qodef-grid-item qodef-col--12\" style=\"margin-top: 27px;text-align: center;\">\n<button class=\"wpcf7-form-control wpcf7-submit qodef-size--large qodef-button qodef-size--normal qodef-type--filled qodef-m\" type=\"submit\"><span class=\"qodef-m-text\">Bidali<\/span><\/button>\n<\/div>\n<\/div>\n<\/div><div class=\"wpcf7-response-output\" aria-hidden=\"true\"><\/div>\n<\/form>\n<\/div>\n[\/vc_column][\/vc_row]<\/p>\n<\/section>","protected":false},"excerpt":{"rendered":"<p>[vc_row content_placement=&#8221;middle&#8221; row_content_width=&#8221;grid&#8221; content_text_alignment=&#8221;center&#8221; css=&#8221;.vc_custom_1705572667110{background-image: url(https:\/\/banquet.qodeinteractive.com\/wp-content\/uploads\/2019\/11\/p7-img-1.jpg?id=670) !important;background-position: center !important;background-repeat: no-repeat !important;background-size: cover !important;}&#8221; el_class=&#8221;qodef-margin-grid&#8221;][vc_column css=&#8221;.vc_custom_1575457989649{padding-top: 159px !important;padding-bottom: 186px !important;}&#8221; column_responsive_padding_1024=&#8221;113px 15px 133px&#8221; column_responsive_padding_768=&#8221;114px 15px 134px&#8221; column_responsive_padding_680=&#8221;72px 15px 87px&#8221; column_responsive_padding_1440=&#8221;129px 15px 156px&#8221; column_responsive_padding_1280=&#8221;99px 15px 128px&#8221;][\/vc_column][\/vc_row][vc_row content_placement=&#8221;middle&#8221; row_content_width=&#8221;grid&#8221; css=&#8221;.vc_custom_1574089581049{padding-top: 90px !important;}&#8221;][vc_column css=&#8221;.vc_custom_1577106755583{padding-top: 36px !important;padding-right: 123px !important;}&#8221; column_responsive_padding_1440=&#8221;32px 56px 0px 15px&#8221; column_responsive_padding_1366=&#8221;32px 73px 0px 15px&#8221; offset=&#8221;vc_col-lg-6 vc_col-md-12&#8243; column_responsive_padding_1024=&#8221;32px [&hellip;]<\/p>\n","protected":false},"author":1,"featured_media":0,"parent":0,"menu_order":0,"comment_status":"closed","ping_status":"closed","template":"page-full-width.php","meta":{"footnotes":""},"class_list":["post-2863","page","type-page","status-publish","hentry"],"_links":{"self":[{"href":"https:\/\/www.gutizicatering.com\/eu\/wp-json\/wp\/v2\/pages\/2863","targetHints":{"allow":["GET"]}}],"collection":[{"href":"https:\/\/www.gutizicatering.com\/eu\/wp-json\/wp\/v2\/pages"}],"about":[{"href":"https:\/\/www.gutizicatering.com\/eu\/wp-json\/wp\/v2\/types\/page"}],"author":[{"embeddable":true,"href":"https:\/\/www.gutizicatering.com\/eu\/wp-json\/wp\/v2\/users\/1"}],"replies":[{"embeddable":true,"href":"https:\/\/www.gutizicatering.com\/eu\/wp-json\/wp\/v2\/comments?post=2863"}],"version-history":[{"count":3,"href":"https:\/\/www.gutizicatering.com\/eu\/wp-json\/wp\/v2\/pages\/2863\/revisions"}],"predecessor-version":[{"id":2866,"href":"https:\/\/www.gutizicatering.com\/eu\/wp-json\/wp\/v2\/pages\/2863\/revisions\/2866"}],"wp:attachment":[{"href":"https:\/\/www.gutizicatering.com\/eu\/wp-json\/wp\/v2\/media?parent=2863"}],"curies":[{"name":"wp","href":"https:\/\/api.w.org\/{rel}","templated":true}]}}